{"id":18,"date":"2022-01-19T20:24:45","date_gmt":"2022-01-19T20:24:45","guid":{"rendered":"https:\/\/www.bgd-82.fi\/?page_id=18"},"modified":"2022-01-25T21:48:39","modified_gmt":"2022-01-25T19:48:39","slug":"tervetuloa-bgd-82-kotisivulle","status":"publish","type":"page","link":"https:\/\/www.bgd-82.fi\/","title":{"rendered":"Tervetuloa BGD-82 kotisivulle"},"content":{"rendered":"\n<p>Vaasalainen Bothnia Gulf Divers-82 harjoittaa laitesukellusta kotipaikkanaan Merenkurkku sek\u00e4 Pohjanmaa. J\u00e4senm\u00e4\u00e4r\u00e4mme on t\u00e4ll\u00e4 hetkell\u00e4 noin 30, joista noin puolet aktiivisia.<br><br><\/p>\n\n\n\n<p>Aktiivisten harrastajien toiminta on viime vuosina painottunut tekniikkasukeltamisen suuntaan. Seurassamme on my\u00f6s innokkaita va-kuvauksen ja luolasukelluksen harrastajia. K\u00e4yt\u00f6ss\u00e4mme on my\u00f6s nopeakulkuinen vene saaristossa liikkumiseen ja hylyill\u00e4 vierailuun. J\u00e4senet sukeltavat aktiivisesti my\u00f6s ulkomailla ja talvi ei toimintaamme hidasta vaan p\u00e4invastoin, silloin on useimmiten parhaimmat n\u00e4kyvyydet. Eli sukellus on seurassamme aktiivisesti ymp\u00e4rivuotinen harrastus.<\/p>\n\n\n\n<p>Seura kouluttaa my\u00f6s j\u00e4seni\u00e4\u00e4n jatkuvasti ja joka vuosi j\u00e4rjest\u00e4mme v\u00e4hint\u00e4\u00e4n yhden alkeiskurssin.<\/p>\n\n\n\n<p><br><br><br><\/p>\n\n\n\n<p>Bothnia Gulf Divers-82 i Vasa bedriver apparatdykning, med Kvarken och \u00d6sterbotten som sin hemort. Vi har ca 30 medlemmar av vilka omkring h\u00e4lften \u00e4r aktiva dykare.<br><br><\/p>\n\n\n\n<p>En stor del av v\u00e5ra aktiva dykare har under den senaste tiden inriktat sig p\u00e5 teknikdykning. Vi har \u00e4ven ivriga uv-fotograferare och grottdykare. F\u00f6reningen har \u00e4ven en snabbg\u00e5ende b\u00e5t f\u00f6r att ta oss fram i sk\u00e4rg\u00e5rden och f\u00f6r att bes\u00f6ka olika vrak. V\u00e5ra medlemmar dyker ocks\u00e5 aktivt utomlands och vintern stopper oss inte heller. Tv\u00e4rtom, d\u00e5 \u00e4r sikten oftast b\u00e4st och f\u00f6reningen \u00e4r aktiv \u00e5ret om.<\/p>\n\n\n\n<p>BGD utbildar sina medlemmar kontinuerligt och varje \u00e5r ordnar vi minst en nyb\u00f6rjarkurs.<\/p>\n","protected":false},"excerpt":{"rendered":"<p>Vaasalainen Bothnia Gulf Divers-82 harjoittaa laitesukellusta kotipaikkanaan Merenkurkku sek\u00e4 Pohjanmaa. J\u00e4senm\u00e4\u00e4r\u00e4mme on t\u00e4ll\u00e4 hetkell\u00e4 noin 30, joista noin puolet aktiivisia. Aktiivisten harrastajien toiminta on viime vuosina painottunut tekniikkasukeltamisen suuntaan. Seurassamme on my\u00f6s innokkaita va-kuvauksen ja luolasukelluksen harrastajia. K\u00e4yt\u00f6ss\u00e4mme on my\u00f6s nopeakulkuinen vene saaristossa liikkumiseen ja hylyill\u00e4 vierailuun. J\u00e4senet sukeltavat aktiivisesti my\u00f6s ulkomailla ja talvi ei [&hellip;]<\/p>\n","protected":false},"author":1,"featured_media":0,"parent":0,"menu_order":0,"comment_status":"closed","ping_status":"closed","template":"","meta":{"footnotes":""},"class_list":["post-18","page","type-page","status-publish","hentry"],"_links":{"self":[{"href":"https:\/\/www.bgd-82.fi\/index.php\/wp-json\/wp\/v2\/pages\/18","targetHints":{"allow":["GET"]}}],"collection":[{"href":"https:\/\/www.bgd-82.fi\/index.php\/wp-json\/wp\/v2\/pages"}],"about":[{"href":"https:\/\/www.bgd-82.fi\/index.php\/wp-json\/wp\/v2\/types\/page"}],"author":[{"embeddable":true,"href":"https:\/\/www.bgd-82.fi\/index.php\/wp-json\/wp\/v2\/users\/1"}],"replies":[{"embeddable":true,"href":"https:\/\/www.bgd-82.fi\/index.php\/wp-json\/wp\/v2\/comments?post=18"}],"version-history":[{"count":4,"href":"https:\/\/www.bgd-82.fi\/index.php\/wp-json\/wp\/v2\/pages\/18\/revisions"}],"predecessor-version":[{"id":102,"href":"https:\/\/www.bgd-82.fi\/index.php\/wp-json\/wp\/v2\/pages\/18\/revisions\/102"}],"wp:attachment":[{"href":"https:\/\/www.bgd-82.fi\/index.php\/wp-json\/wp\/v2\/media?parent=18"}],"curies":[{"name":"wp","href":"https:\/\/api.w.org\/{rel}","templated":true}]}}